{"id":102,"date":"2021-06-05T15:53:33","date_gmt":"2021-06-05T13:53:33","guid":{"rendered":"https:\/\/www.chorale-allegria.fr\/wp\/?page_id=102"},"modified":"2021-12-08T18:57:05","modified_gmt":"2021-12-08T17:57:05","slug":"revue-de-presse","status":"publish","type":"page","link":"https:\/\/www.chorale-allegria.fr\/wp\/revue-de-presse\/","title":{"rendered":"Revue de presse"},"content":{"rendered":"\t\t<div data-elementor-type=\"wp-page\" data-elementor-id=\"102\" class=\"elementor elementor-102\">\n\t\t\t\t\t\t<section class=\"elementor-section elementor-top-section elementor-element elementor-element-a79ab41 elementor-section-boxed elementor-section-height-default elementor-section-height-default\" data-id=\"a79ab41\" data-element_type=\"section\" data-e-type=\"section\">\n\t\t\t\t\t\t<div class=\"elementor-container elementor-column-gap-default\">\n\t\t\t\t\t<div class=\"elementor-column elementor-col-100 elementor-top-column elementor-element elementor-element-6634cbc\" data-id=\"6634cbc\" data-element_type=\"column\" data-e-type=\"column\">\n\t\t\t<div class=\"elementor-widget-wrap elementor-element-populated\">\n\t\t\t\t\t\t<div class=\"elementor-element elementor-element-74c9f98 elementor-widget elementor-widget-text-editor\" data-id=\"74c9f98\" data-element_type=\"widget\" data-e-type=\"widget\" data-widget_type=\"text-editor.default\">\n\t\t\t\t<div class=\"elementor-widget-container\">\n\t\t\t\t\t\t\t\t\t<h2>Bien Public du 23 ao\u00fbt 2018<\/h2><p><strong>Street Art on the Roc \u00e0 Villars-Fontaine : gros temps sur le festival, soir\u00e9e annul\u00e9e mais\u2026<\/strong><\/p><p>Mercredi, la soir\u00e9e Ch\u0153urs de pierre dans le cadre du festival Street Art on the Roc \u00e0 Villars-Fontaine, qui s\u2019annon\u00e7ait sous les meilleurs auspices, a \u00e9t\u00e9 \u00e9court\u00e9e en raison de l\u2019orage, faisant fuir les spectateurs et arr\u00eatant net la prestation du ch\u0153ur des Ambrosiniens.<\/p>\t\t\t\t\t\t\t\t<\/div>\n\t\t\t\t<\/div>\n\t\t\t\t\t<\/div>\n\t\t<\/div>\n\t\t\t\t\t<\/div>\n\t\t<\/section>\n\t\t\t\t<section class=\"elementor-section elementor-top-section elementor-element elementor-element-8a02554 elementor-section-boxed elementor-section-height-default elementor-section-height-default\" data-id=\"8a02554\" data-element_type=\"section\" data-e-type=\"section\">\n\t\t\t\t\t\t<div class=\"elementor-container elementor-column-gap-default\">\n\t\t\t\t\t<div class=\"elementor-column elementor-col-100 elementor-top-column elementor-element elementor-element-8a71ad1\" data-id=\"8a71ad1\" data-element_type=\"column\" data-e-type=\"column\">\n\t\t\t<div class=\"elementor-widget-wrap elementor-element-populated\">\n\t\t\t\t\t\t<section class=\"elementor-section elementor-inner-section elementor-element elementor-element-3ac631c elementor-section-boxed elementor-section-height-default elementor-section-height-default\" data-id=\"3ac631c\" data-element_type=\"section\" data-e-type=\"section\">\n\t\t\t\t\t\t<div class=\"elementor-container elementor-column-gap-default\">\n\t\t\t\t\t<div class=\"elementor-column elementor-col-50 elementor-inner-column elementor-element elementor-element-471160b\" data-id=\"471160b\" data-element_type=\"column\" data-e-type=\"column\">\n\t\t\t<div class=\"elementor-widget-wrap elementor-element-populated\">\n\t\t\t\t\t\t<div class=\"elementor-element elementor-element-8ed0036 elementor-widget elementor-widget-image\" data-id=\"8ed0036\" data-element_type=\"widget\" data-e-type=\"widget\" data-widget_type=\"image.default\">\n\t\t\t\t<div class=\"elementor-widget-container\">\n\t\t\t\t\t\t\t\t\t\t\t\t\t\t\t<img fetchpriority=\"high\" decoding=\"async\" width=\"940\" height=\"620\" src=\"https:\/\/www.chorale-allegria.fr\/wp\/wp-content\/uploads\/2021\/09\/prestation-tres-applaudie-du-choeur-des-ambrosiniens-photo-georges-duvernet-1535010627.jpg\" class=\"attachment-large size-large wp-image-1641\" alt=\"\" srcset=\"https:\/\/www.chorale-allegria.fr\/wp\/wp-content\/uploads\/2021\/09\/prestation-tres-applaudie-du-choeur-des-ambrosiniens-photo-georges-duvernet-1535010627.jpg 940w, https:\/\/www.chorale-allegria.fr\/wp\/wp-content\/uploads\/2021\/09\/prestation-tres-applaudie-du-choeur-des-ambrosiniens-photo-georges-duvernet-1535010627-300x198.jpg 300w, https:\/\/www.chorale-allegria.fr\/wp\/wp-content\/uploads\/2021\/09\/prestation-tres-applaudie-du-choeur-des-ambrosiniens-photo-georges-duvernet-1535010627-768x507.jpg 768w\" sizes=\"(max-width: 940px) 100vw, 940px\" \/>\t\t\t\t\t\t\t\t\t\t\t\t\t\t\t<\/div>\n\t\t\t\t<\/div>\n\t\t\t\t\t<\/div>\n\t\t<\/div>\n\t\t\t\t<div class=\"elementor-column elementor-col-50 elementor-inner-column elementor-element elementor-element-ac5b725\" data-id=\"ac5b725\" data-element_type=\"column\" data-e-type=\"column\">\n\t\t\t<div class=\"elementor-widget-wrap elementor-element-populated\">\n\t\t\t\t\t\t<div class=\"elementor-element elementor-element-0ec5e5a elementor-widget elementor-widget-image\" data-id=\"0ec5e5a\" data-element_type=\"widget\" data-e-type=\"widget\" data-widget_type=\"image.default\">\n\t\t\t\t<div class=\"elementor-widget-container\">\n\t\t\t\t\t\t\t\t\t\t\t\t\t\t\t<img decoding=\"async\" width=\"940\" height=\"620\" src=\"https:\/\/www.chorale-allegria.fr\/wp\/wp-content\/uploads\/2021\/09\/avec-quelque-700-spectateurs-la-soiree-s-annoncait-un-succes-avant-l-orage-photo-georges-duvernet-1535010627.jpg\" class=\"attachment-large size-large wp-image-1658\" alt=\"\" srcset=\"https:\/\/www.chorale-allegria.fr\/wp\/wp-content\/uploads\/2021\/09\/avec-quelque-700-spectateurs-la-soiree-s-annoncait-un-succes-avant-l-orage-photo-georges-duvernet-1535010627.jpg 940w, https:\/\/www.chorale-allegria.fr\/wp\/wp-content\/uploads\/2021\/09\/avec-quelque-700-spectateurs-la-soiree-s-annoncait-un-succes-avant-l-orage-photo-georges-duvernet-1535010627-300x198.jpg 300w, https:\/\/www.chorale-allegria.fr\/wp\/wp-content\/uploads\/2021\/09\/avec-quelque-700-spectateurs-la-soiree-s-annoncait-un-succes-avant-l-orage-photo-georges-duvernet-1535010627-768x507.jpg 768w\" sizes=\"(max-width: 940px) 100vw, 940px\" \/>\t\t\t\t\t\t\t\t\t\t\t\t\t\t\t<\/div>\n\t\t\t\t<\/div>\n\t\t\t\t\t<\/div>\n\t\t<\/div>\n\t\t\t\t\t<\/div>\n\t\t<\/section>\n\t\t\t\t\t<\/div>\n\t\t<\/div>\n\t\t\t\t\t<\/div>\n\t\t<\/section>\n\t\t\t\t<section class=\"elementor-section elementor-top-section elementor-element elementor-element-f3d725c elementor-section-boxed elementor-section-height-default elementor-section-height-default\" data-id=\"f3d725c\" data-element_type=\"section\" data-e-type=\"section\">\n\t\t\t\t\t\t<div class=\"elementor-container elementor-column-gap-default\">\n\t\t\t\t\t<div class=\"elementor-column elementor-col-100 elementor-top-column elementor-element elementor-element-c4ad23a\" data-id=\"c4ad23a\" data-element_type=\"column\" data-e-type=\"column\">\n\t\t\t<div class=\"elementor-widget-wrap elementor-element-populated\">\n\t\t\t\t\t\t<div class=\"elementor-element elementor-element-737feeb elementor-widget elementor-widget-image\" data-id=\"737feeb\" data-element_type=\"widget\" data-e-type=\"widget\" data-widget_type=\"image.default\">\n\t\t\t\t<div class=\"elementor-widget-container\">\n\t\t\t\t\t\t\t\t\t\t\t\t\t\t\t<img decoding=\"async\" width=\"300\" height=\"198\" src=\"https:\/\/www.chorale-allegria.fr\/wp\/wp-content\/uploads\/2021\/10\/la-fuite-des-spectateurs-sous-la-pluie-rares-etaient-ceux-qu.jpg\" class=\"attachment-large size-large wp-image-1702\" alt=\"\" \/>\t\t\t\t\t\t\t\t\t\t\t\t\t\t\t<\/div>\n\t\t\t\t<\/div>\n\t\t\t\t\t<\/div>\n\t\t<\/div>\n\t\t\t\t\t<\/div>\n\t\t<\/section>\n\t\t\t\t<section class=\"elementor-section elementor-top-section elementor-element elementor-element-9617eff elementor-section-boxed elementor-section-height-default elementor-section-height-default\" data-id=\"9617eff\" data-element_type=\"section\" data-e-type=\"section\">\n\t\t\t\t\t\t<div class=\"elementor-container elementor-column-gap-default\">\n\t\t\t\t\t<div class=\"elementor-column elementor-col-100 elementor-top-column elementor-element elementor-element-67b5ea9\" data-id=\"67b5ea9\" data-element_type=\"column\" data-e-type=\"column\">\n\t\t\t<div class=\"elementor-widget-wrap elementor-element-populated\">\n\t\t\t\t\t\t<div class=\"elementor-element elementor-element-de5b4f9 elementor-widget elementor-widget-text-editor\" data-id=\"de5b4f9\" data-element_type=\"widget\" data-e-type=\"widget\" data-widget_type=\"text-editor.default\">\n\t\t\t\t<div class=\"elementor-widget-container\">\n\t\t\t\t\t\t\t\t\t<p style=\"text-align: left;\">La fuite des spectateurs sous la pluie !! Rares \u00e9taient ceux qui avaient pr\u00e9vu le parapluie\u2026\u00a0<\/p><p style=\"text-align: right;\"><br \/><em>Photos Georges DUVERNET<\/em><\/p><p><em>\u00a0<\/em><\/p><hr \/><p><em>mais aussi,\u2026.<\/em><br \/>Spectacles annul\u00e9s ce mercredi par cause de pluie mais la Chorale Allegria de Brochon- Fixin, pr\u00e9vue au programme, a improvis\u00e9 un concert sous l\u2019espace d\u2019accueil du site.<br \/>Nombreux sont rest\u00e9s.<\/p><p><em>(c) Chorale Allegria<\/em><\/p>\t\t\t\t\t\t\t\t<\/div>\n\t\t\t\t<\/div>\n\t\t\t\t<section class=\"elementor-section elementor-inner-section elementor-element elementor-element-068928a elementor-section-boxed elementor-section-height-default elementor-section-height-default\" data-id=\"068928a\" data-element_type=\"section\" data-e-type=\"section\">\n\t\t\t\t\t\t<div class=\"elementor-container elementor-column-gap-default\">\n\t\t\t\t\t<div class=\"elementor-column elementor-col-50 elementor-inner-column elementor-element elementor-element-28fa004\" data-id=\"28fa004\" data-element_type=\"column\" data-e-type=\"column\">\n\t\t\t<div class=\"elementor-widget-wrap elementor-element-populated\">\n\t\t\t\t\t\t<div class=\"elementor-element elementor-element-cc3cd0b elementor-widget elementor-widget-image\" data-id=\"cc3cd0b\" data-element_type=\"widget\" data-e-type=\"widget\" data-widget_type=\"image.default\">\n\t\t\t\t<div class=\"elementor-widget-container\">\n\t\t\t\t\t\t\t\t\t\t\t\t\t\t\t<img loading=\"lazy\" decoding=\"async\" width=\"1024\" height=\"576\" src=\"https:\/\/www.chorale-allegria.fr\/wp\/wp-content\/uploads\/2021\/09\/allegria-karriere-20180822-1-1024x576.jpg\" class=\"attachment-large size-large wp-image-1659\" alt=\"\" srcset=\"https:\/\/www.chorale-allegria.fr\/wp\/wp-content\/uploads\/2021\/09\/allegria-karriere-20180822-1-1024x576.jpg 1024w, https:\/\/www.chorale-allegria.fr\/wp\/wp-content\/uploads\/2021\/09\/allegria-karriere-20180822-1-300x169.jpg 300w, https:\/\/www.chorale-allegria.fr\/wp\/wp-content\/uploads\/2021\/09\/allegria-karriere-20180822-1-768x432.jpg 768w, https:\/\/www.chorale-allegria.fr\/wp\/wp-content\/uploads\/2021\/09\/allegria-karriere-20180822-1.jpg 1200w\" sizes=\"(max-width: 1024px) 100vw, 1024px\" \/>\t\t\t\t\t\t\t\t\t\t\t\t\t\t\t<\/div>\n\t\t\t\t<\/div>\n\t\t\t\t\t<\/div>\n\t\t<\/div>\n\t\t\t\t<div class=\"elementor-column elementor-col-50 elementor-inner-column elementor-element elementor-element-bbe3af9\" data-id=\"bbe3af9\" data-element_type=\"column\" data-e-type=\"column\">\n\t\t\t<div class=\"elementor-widget-wrap elementor-element-populated\">\n\t\t\t\t\t\t<div class=\"elementor-element elementor-element-843d13a elementor-widget elementor-widget-image\" data-id=\"843d13a\" data-element_type=\"widget\" data-e-type=\"widget\" data-widget_type=\"image.default\">\n\t\t\t\t<div class=\"elementor-widget-container\">\n\t\t\t\t\t\t\t\t\t\t\t\t\t\t\t<img loading=\"lazy\" decoding=\"async\" width=\"1024\" height=\"576\" src=\"https:\/\/www.chorale-allegria.fr\/wp\/wp-content\/uploads\/2021\/10\/allegria-karriere-20180822-3-1024x576.jpg\" class=\"attachment-large size-large wp-image-1707\" alt=\"\" srcset=\"https:\/\/www.chorale-allegria.fr\/wp\/wp-content\/uploads\/2021\/10\/allegria-karriere-20180822-3-1024x576.jpg 1024w, https:\/\/www.chorale-allegria.fr\/wp\/wp-content\/uploads\/2021\/10\/allegria-karriere-20180822-3-300x169.jpg 300w, https:\/\/www.chorale-allegria.fr\/wp\/wp-content\/uploads\/2021\/10\/allegria-karriere-20180822-3-768x432.jpg 768w, https:\/\/www.chorale-allegria.fr\/wp\/wp-content\/uploads\/2021\/10\/allegria-karriere-20180822-3.jpg 1200w\" sizes=\"(max-width: 1024px) 100vw, 1024px\" \/>\t\t\t\t\t\t\t\t\t\t\t\t\t\t\t<\/div>\n\t\t\t\t<\/div>\n\t\t\t\t\t<\/div>\n\t\t<\/div>\n\t\t\t\t\t<\/div>\n\t\t<\/section>\n\t\t\t\t\t<\/div>\n\t\t<\/div>\n\t\t\t\t\t<\/div>\n\t\t<\/section>\n\t\t\t\t<section class=\"elementor-section elementor-top-section elementor-element elementor-element-8e79e78 elementor-section-boxed elementor-section-height-default elementor-section-height-default\" data-id=\"8e79e78\" data-element_type=\"section\" data-e-type=\"section\">\n\t\t\t\t\t\t<div class=\"elementor-container elementor-column-gap-default\">\n\t\t\t\t\t<div class=\"elementor-column elementor-col-100 elementor-top-column elementor-element elementor-element-6178c0f\" data-id=\"6178c0f\" data-element_type=\"column\" data-e-type=\"column\">\n\t\t\t<div class=\"elementor-widget-wrap elementor-element-populated\">\n\t\t\t\t\t\t<div class=\"elementor-element elementor-element-92e78ca elementor-widget elementor-widget-text-editor\" data-id=\"92e78ca\" data-element_type=\"widget\" data-e-type=\"widget\" data-widget_type=\"text-editor.default\">\n\t\t\t\t<div class=\"elementor-widget-container\">\n\t\t\t\t\t\t\t\t\t<header class=\"entry-header\">\n<h2 class=\"entry-title\"><br><\/h2><h2 class=\"entry-title\"><br><\/h2><h2 class=\"entry-title\"><a href=\"http:\/\/chorale-allegria.fr\/WP\/2018\/03\/19\/midi-libre-15-mars-2018\/\" rel=\"bookmark\">Midi Libre 15 mars 2018<\/a><\/h2>\n<div class=\"entry-meta\"><span class=\"sep\">Posted on <\/span><a title=\"9 h 39 min\" href=\"http:\/\/chorale-allegria.fr\/WP\/2018\/03\/19\/midi-libre-15-mars-2018\/\" rel=\"bookmark\"><time class=\"entry-date\" datetime=\"2018-03-19T09:39:15+01:00\">19 mars 2018<\/time><\/a><\/div>\n<\/header>\n<div class=\"entry-content\">\n<p><a href=\"http:\/\/chorale-allegria.fr\/WP\/wp-content\/uploads\/2018\/03\/totoutarts.jpg\">&nbsp;<\/a><\/p>\n<p>La chorale angloise T\u00f4tout\u2019Arts, cr\u00e9\u00e9e en 1994, par R\u00e9my Ollivier, est dirig\u00e9e depuis 2009 par Marion Chome. Elle compte entre trente et cinquante choristes, selon les ann\u00e9es.<br>Le r\u00e9pertoire est presque essentiellement compos\u00e9 de chants du monde, traditionnels de diff\u00e9rents pays, souvent europ\u00e9ens : Russie, Ukraine, Roumanie, Italie, Portugal, Espagne, mais aussi des chants d\u2019Am\u00e9rique latine ou d\u2019Afrique.<br>Les paroles sont apprises en m\u00eame temps que la musique, de mani\u00e8re phon\u00e9tique. Les trente-cinq choristes sont r\u00e9partis en quatre pupitres. Ils ont \u00e9t\u00e9 invit\u00e9s, \u00e0 plusieurs reprises, \u00e0 participer \u00e0 des rencontres avec d\u2019autres chorales (Sauveterre, Aramon, Marseille), et aussi \u00e0 participer au festival international de chorales \u00e0 Saint-L\u00f4.<br>L\u2019an pass\u00e9, le projet d\u2019inviter \u00e0 leur tour d\u2019autres choristes a conquis les membres de T\u00f4tout\u2019Arts. <em>Le choix s\u2019est port\u00e9 sur la chorale Allegria de Dijon, qui chante \u00e0 peu pr\u00e8s le m\u00eame r\u00e9pertoire. La rencontre va durer tout le week-end, avec un temps d\u2019\u00e9changes de pratiques le dimanche matin, au Renc\u2019Arts (T\u00f4tout\u2019Arts), Les Angles. Les choristes dijonnais seront accueillis dans les familles villeneuvoises. La chorale Allegria dirig\u00e9e par Brice Martin depuis 2012, regroupe une quarantaine de chanteurs amateurs qui se r\u00e9unissent chaque semaine pour r\u00e9p\u00e9ter \u00e0 la salle de la Charmotte, \u00e0 Fixin.<\/em><br><em>Elle est soutenue par les communes de Brochon et de Fixin. La pr\u00e9c\u00e9dente chef de ch\u0153ur, Anne Haratyk, a conduit le groupe sur le chemin des chants du monde. Brice Martin poursuit cette voie, qui constitue d\u00e9sormais l\u2019ADN de l\u2019association.<\/em><br><em>Concert chorales T\u00f4tout\u2019Arts et Allegria, samedi 17 mars, \u00e0 20 h 30, au p\u00f4le culturel Jean-Ferrat de Sauveterre. Entr\u00e9e : 8 \u20ac, gratuit pour les moins de 12 ans<\/em><\/p>\n<\/div>\t\t\t\t\t\t\t\t<\/div>\n\t\t\t\t<\/div>\n\t\t\t\t\t<\/div>\n\t\t<\/div>\n\t\t\t\t\t<\/div>\n\t\t<\/section>\n\t\t\t\t<section class=\"elementor-section elementor-top-section elementor-element elementor-element-6774f27 elementor-section-boxed elementor-section-height-default elementor-section-height-default\" data-id=\"6774f27\" data-element_type=\"section\" data-e-type=\"section\">\n\t\t\t\t\t\t<div class=\"elementor-container elementor-column-gap-default\">\n\t\t\t\t\t<div class=\"elementor-column elementor-col-100 elementor-top-column elementor-element elementor-element-d531a62\" data-id=\"d531a62\" data-element_type=\"column\" data-e-type=\"column\">\n\t\t\t<div class=\"elementor-widget-wrap elementor-element-populated\">\n\t\t\t\t\t\t<div class=\"elementor-element elementor-element-b8b306c elementor-widget elementor-widget-image\" data-id=\"b8b306c\" data-element_type=\"widget\" data-e-type=\"widget\" data-widget_type=\"image.default\">\n\t\t\t\t<div class=\"elementor-widget-container\">\n\t\t\t\t\t\t\t\t\t\t\t\t<figure class=\"wp-caption\">\n\t\t\t\t\t\t\t\t\t\t<img loading=\"lazy\" decoding=\"async\" width=\"664\" height=\"288\" src=\"https:\/\/www.chorale-allegria.fr\/wp\/wp-content\/uploads\/2021\/10\/totoutarts-664x288-1.jpg\" class=\"attachment-large size-large wp-image-1724\" alt=\"\" srcset=\"https:\/\/www.chorale-allegria.fr\/wp\/wp-content\/uploads\/2021\/10\/totoutarts-664x288-1.jpg 664w, https:\/\/www.chorale-allegria.fr\/wp\/wp-content\/uploads\/2021\/10\/totoutarts-664x288-1-300x130.jpg 300w\" sizes=\"(max-width: 664px) 100vw, 664px\" \/>\t\t\t\t\t\t\t\t\t\t\t<figcaption class=\"widget-image-caption wp-caption-text\">La chorale Totout\u2019Arts 2018.<\/figcaption>\n\t\t\t\t\t\t\t\t\t\t<\/figure>\n\t\t\t\t\t\t\t\t\t<\/div>\n\t\t\t\t<\/div>\n\t\t\t\t<div class=\"elementor-element elementor-element-a115b64 elementor-widget elementor-widget-image\" data-id=\"a115b64\" data-element_type=\"widget\" data-e-type=\"widget\" data-widget_type=\"image.default\">\n\t\t\t\t<div class=\"elementor-widget-container\">\n\t\t\t\t\t\t\t\t\t\t\t\t<figure class=\"wp-caption\">\n\t\t\t\t\t\t\t\t\t\t<img loading=\"lazy\" decoding=\"async\" width=\"521\" height=\"649\" src=\"https:\/\/www.chorale-allegria.fr\/wp\/wp-content\/uploads\/2021\/12\/BP-25112017.jpg\" class=\"attachment-large size-large wp-image-1899\" alt=\"\" srcset=\"https:\/\/www.chorale-allegria.fr\/wp\/wp-content\/uploads\/2021\/12\/BP-25112017.jpg 521w, https:\/\/www.chorale-allegria.fr\/wp\/wp-content\/uploads\/2021\/12\/BP-25112017-241x300.jpg 241w\" sizes=\"(max-width: 521px) 100vw, 521px\" \/>\t\t\t\t\t\t\t\t\t\t\t<figcaption class=\"widget-image-caption wp-caption-text\">BP, 25\/11\/2017<\/figcaption>\n\t\t\t\t\t\t\t\t\t\t<\/figure>\n\t\t\t\t\t\t\t\t\t<\/div>\n\t\t\t\t<\/div>\n\t\t\t\t\t<\/div>\n\t\t<\/div>\n\t\t\t\t\t<\/div>\n\t\t<\/section>\n\t\t\t\t<section class=\"elementor-section elementor-top-section elementor-element elementor-element-cfc53fc elementor-section-boxed elementor-section-height-default elementor-section-height-default\" data-id=\"cfc53fc\" data-element_type=\"section\" data-e-type=\"section\">\n\t\t\t\t\t\t<div class=\"elementor-container elementor-column-gap-default\">\n\t\t\t\t\t<div class=\"elementor-column elementor-col-100 elementor-top-column elementor-element elementor-element-96dcab8\" data-id=\"96dcab8\" data-element_type=\"column\" data-e-type=\"column\">\n\t\t\t<div class=\"elementor-widget-wrap elementor-element-populated\">\n\t\t\t\t\t\t<div class=\"elementor-element elementor-element-afb62a3 elementor-widget elementor-widget-image\" data-id=\"afb62a3\" data-element_type=\"widget\" data-e-type=\"widget\" data-widget_type=\"image.default\">\n\t\t\t\t<div class=\"elementor-widget-container\">\n\t\t\t\t\t\t\t\t\t\t\t\t\t\t\t<img loading=\"lazy\" decoding=\"async\" width=\"954\" height=\"805\" src=\"https:\/\/www.chorale-allegria.fr\/wp\/wp-content\/uploads\/2021\/12\/BP12-juin-2017.jpg\" class=\"attachment-large size-large wp-image-1897\" alt=\"\" srcset=\"https:\/\/www.chorale-allegria.fr\/wp\/wp-content\/uploads\/2021\/12\/BP12-juin-2017.jpg 954w, https:\/\/www.chorale-allegria.fr\/wp\/wp-content\/uploads\/2021\/12\/BP12-juin-2017-300x253.jpg 300w, https:\/\/www.chorale-allegria.fr\/wp\/wp-content\/uploads\/2021\/12\/BP12-juin-2017-768x648.jpg 768w\" sizes=\"(max-width: 954px) 100vw, 954px\" \/>\t\t\t\t\t\t\t\t\t\t\t\t\t\t\t<\/div>\n\t\t\t\t<\/div>\n\t\t\t\t\t<\/div>\n\t\t<\/div>\n\t\t\t\t\t<\/div>\n\t\t<\/section>\n\t\t\t\t<section class=\"elementor-section elementor-top-section elementor-element elementor-element-91ba971 elementor-section-boxed elementor-section-height-default elementor-section-height-default\" data-id=\"91ba971\" data-element_type=\"section\" data-e-type=\"section\">\n\t\t\t\t\t\t<div class=\"elementor-container elementor-column-gap-default\">\n\t\t\t\t\t<div class=\"elementor-column elementor-col-100 elementor-top-column elementor-element elementor-element-c52f8db\" data-id=\"c52f8db\" data-element_type=\"column\" data-e-type=\"column\">\n\t\t\t<div class=\"elementor-widget-wrap\">\n\t\t\t\t\t\t\t<\/div>\n\t\t<\/div>\n\t\t\t\t\t<\/div>\n\t\t<\/section>\n\t\t\t\t<section class=\"elementor-section elementor-top-section elementor-element elementor-element-ed237dd elementor-section-boxed elementor-section-height-default elementor-section-height-default\" data-id=\"ed237dd\" data-element_type=\"section\" data-e-type=\"section\">\n\t\t\t\t\t\t<div class=\"elementor-container elementor-column-gap-default\">\n\t\t\t\t\t<div class=\"elementor-column elementor-col-100 elementor-top-column elementor-element elementor-element-cd674ff\" data-id=\"cd674ff\" data-element_type=\"column\" data-e-type=\"column\">\n\t\t\t<div class=\"elementor-widget-wrap elementor-element-populated\">\n\t\t\t\t\t\t<div class=\"elementor-element elementor-element-933fb96 elementor-widget elementor-widget-image\" data-id=\"933fb96\" data-element_type=\"widget\" data-e-type=\"widget\" data-widget_type=\"image.default\">\n\t\t\t\t<div class=\"elementor-widget-container\">\n\t\t\t\t\t\t\t\t\t\t\t\t<figure class=\"wp-caption\">\n\t\t\t\t\t\t\t\t\t\t<img loading=\"lazy\" decoding=\"async\" width=\"800\" height=\"605\" src=\"https:\/\/www.chorale-allegria.fr\/wp\/wp-content\/uploads\/2021\/12\/bp-2017-02-06.jpg\" class=\"attachment-large size-large wp-image-1898\" alt=\"\" srcset=\"https:\/\/www.chorale-allegria.fr\/wp\/wp-content\/uploads\/2021\/12\/bp-2017-02-06.jpg 800w, https:\/\/www.chorale-allegria.fr\/wp\/wp-content\/uploads\/2021\/12\/bp-2017-02-06-300x227.jpg 300w, https:\/\/www.chorale-allegria.fr\/wp\/wp-content\/uploads\/2021\/12\/bp-2017-02-06-768x581.jpg 768w\" sizes=\"(max-width: 800px) 100vw, 800px\" \/>\t\t\t\t\t\t\t\t\t\t\t<figcaption class=\"widget-image-caption wp-caption-text\">BP, 06\/02\/2017<\/figcaption>\n\t\t\t\t\t\t\t\t\t\t<\/figure>\n\t\t\t\t\t\t\t\t\t<\/div>\n\t\t\t\t<\/div>\n\t\t\t\t\t<\/div>\n\t\t<\/div>\n\t\t\t\t\t<\/div>\n\t\t<\/section>\n\t\t\t\t<\/div>\n\t\t","protected":false},"excerpt":{"rendered":"<p>Bien Public du 23 ao\u00fbt 2018 Street Art on the Roc \u00e0 Villars-Fontaine : gros temps sur le festival, soir\u00e9e annul\u00e9e mais\u2026 Mercredi, la soir\u00e9e Ch\u0153urs de pierre dans le cadre du festival Street Art on the Roc \u00e0 Villars-Fontaine, qui s\u2019annon\u00e7ait sous les meilleurs auspices, a \u00e9t\u00e9 \u00e9court\u00e9e en raison de l\u2019orage, faisant fuir [&hellip;]<\/p>\n","protected":false},"author":1,"featured_media":0,"parent":0,"menu_order":0,"comment_status":"closed","ping_status":"closed","template":"","meta":{"ocean_post_layout":"","ocean_both_sidebars_style":"","ocean_both_sidebars_content_width":0,"ocean_both_sidebars_sidebars_width":0,"ocean_sidebar":"0","ocean_second_sidebar":"0","ocean_disable_margins":"enable","ocean_add_body_class":"","ocean_shortcode_before_top_bar":"","ocean_shortcode_after_top_bar":"","ocean_shortcode_before_header":"","ocean_shortcode_after_header":"","ocean_has_shortcode":"","ocean_shortcode_after_title":"","ocean_shortcode_before_footer_widgets":"","ocean_shortcode_after_footer_widgets":"","ocean_shortcode_before_footer_bottom":"","ocean_shortcode_after_footer_bottom":"","ocean_display_top_bar":"default","ocean_display_header":"default","ocean_header_style":"","ocean_center_header_left_menu":"0","ocean_custom_header_template":"0","ocean_custom_logo":0,"ocean_custom_retina_logo":0,"ocean_custom_logo_max_width":0,"ocean_custom_logo_tablet_max_width":0,"ocean_custom_logo_mobile_max_width":0,"ocean_custom_logo_max_height":0,"ocean_custom_logo_tablet_max_height":0,"ocean_custom_logo_mobile_max_height":0,"ocean_header_custom_menu":"0","ocean_menu_typo_font_family":"0","ocean_menu_typo_font_subset":"","ocean_menu_typo_font_size":0,"ocean_menu_typo_font_size_tablet":0,"ocean_menu_typo_font_size_mobile":0,"ocean_menu_typo_font_size_unit":"px","ocean_menu_typo_font_weight":"","ocean_menu_typo_font_weight_tablet":"","ocean_menu_typo_font_weight_mobile":"","ocean_menu_typo_transform":"","ocean_menu_typo_transform_tablet":"","ocean_menu_typo_transform_mobile":"","ocean_menu_typo_line_height":0,"ocean_menu_typo_line_height_tablet":0,"ocean_menu_typo_line_height_mobile":0,"ocean_menu_typo_line_height_unit":"","ocean_menu_typo_spacing":0,"ocean_menu_typo_spacing_tablet":0,"ocean_menu_typo_spacing_mobile":0,"ocean_menu_typo_spacing_unit":"","ocean_menu_link_color":"","ocean_menu_link_color_hover":"","ocean_menu_link_color_active":"","ocean_menu_link_background":"","ocean_menu_link_hover_background":"","ocean_menu_link_active_background":"","ocean_menu_social_links_bg":"","ocean_menu_social_hover_links_bg":"","ocean_menu_social_links_color":"","ocean_menu_social_hover_links_color":"","ocean_disable_title":"default","ocean_disable_heading":"default","ocean_post_title":"","ocean_post_subheading":"","ocean_post_title_style":"","ocean_post_title_background_color":"","ocean_post_title_background":0,"ocean_post_title_bg_image_position":"","ocean_post_title_bg_image_attachment":"","ocean_post_title_bg_image_repeat":"","ocean_post_title_bg_image_size":"","ocean_post_title_height":0,"ocean_post_title_bg_overlay":0.5,"ocean_post_title_bg_overlay_color":"","ocean_disable_breadcrumbs":"default","ocean_breadcrumbs_color":"","ocean_breadcrumbs_separator_color":"","ocean_breadcrumbs_links_color":"","ocean_breadcrumbs_links_hover_color":"","ocean_display_footer_widgets":"default","ocean_display_footer_bottom":"default","ocean_custom_footer_template":"0","footnotes":""},"class_list":["post-102","page","type-page","status-publish","hentry","entry"],"jetpack_sharing_enabled":true,"_links":{"self":[{"href":"https:\/\/www.chorale-allegria.fr\/wp\/wp-json\/wp\/v2\/pages\/102","targetHints":{"allow":["GET"]}}],"collection":[{"href":"https:\/\/www.chorale-allegria.fr\/wp\/wp-json\/wp\/v2\/pages"}],"about":[{"href":"https:\/\/www.chorale-allegria.fr\/wp\/wp-json\/wp\/v2\/types\/page"}],"author":[{"embeddable":true,"href":"https:\/\/www.chorale-allegria.fr\/wp\/wp-json\/wp\/v2\/users\/1"}],"replies":[{"embeddable":true,"href":"https:\/\/www.chorale-allegria.fr\/wp\/wp-json\/wp\/v2\/comments?post=102"}],"version-history":[{"count":44,"href":"https:\/\/www.chorale-allegria.fr\/wp\/wp-json\/wp\/v2\/pages\/102\/revisions"}],"predecessor-version":[{"id":1913,"href":"https:\/\/www.chorale-allegria.fr\/wp\/wp-json\/wp\/v2\/pages\/102\/revisions\/1913"}],"wp:attachment":[{"href":"https:\/\/www.chorale-allegria.fr\/wp\/wp-json\/wp\/v2\/media?parent=102"}],"curies":[{"name":"wp","href":"https:\/\/api.w.org\/{rel}","templated":true}]}}